{"id":863,"date":"2015-08-11T22:01:45","date_gmt":"2015-08-11T22:01:45","guid":{"rendered":"http:\/\/thinktosell.org\/?page_id=863"},"modified":"2015-08-11T22:01:45","modified_gmt":"2015-08-11T22:01:45","slug":"863-2","status":"publish","type":"page","link":"https:\/\/thinktosell.com\/index.php\/863-2\/","title":{"rendered":"KTRONIX"},"content":{"rendered":"<h1><span style=\"font-size: 24pt; font-family: 'trebuchet ms', geneva, sans-serif; color: #4a4a4a;\">CUMPLIENDO LOS SUE\u00d1OS DE SUS CLIENTES<\/span><\/h1>\n<h1><span style=\"font-size: 24pt;\"><em><span style=\"font-family: georgia, palatino, serif;\">Ktronix\u00a0<\/span><\/em><\/span><\/h1>\n<p>&nbsp;<\/p>\n<h5 style=\"text-align: justify;\"><span style=\"font-family: georgia, palatino, serif;\">Esta cadena de tiendas electr\u00f3nicas\u00a0con un nicho de mercado casi exclusivo en Colombia, a desarrollado un formato adaptado a la necesidad de sus clientes, con su oferta de productos y servicios se diferencian\u00a0y podr\u00eda decirse que en ciertos productos son l\u00edderes frente a su\u00a0competencia.<\/span><\/h5>\n<h5 style=\"text-align: justify;\"><span style=\"font-family: georgia, palatino, serif;\">Su equipo humano y la cultura abierta de la compa\u00f1\u00eda permiten afrontar grandes retos de innovaci\u00f3n, esta compa\u00f1\u00eda\u00a0atiende todo tipo de clientes sin embargo el volumen de clientes son de\u00a0buena capacidad adquisitiva y conocedores de tecnologia,\u00a0que apuntan a las lineas de productos electr\u00f3nicos y linea blanca (electrodom\u00e9sticos), estos clientes\u00a0exigen una atenci\u00f3n innovadora en todo el proceso de compra, por esta raz\u00f3n la compa\u00f1\u00eda se esmera en ser capas de cumplir con los\u00a0sue\u00f1os de sus clientes.<\/span><\/h5>\n<h5 style=\"text-align: justify;\"><span style=\"font-family: georgia, palatino, serif;\">El reto en la innovaci\u00f3n esta en\u00a0retribuir a estos clientes con un servicio superior.<\/span><\/h5>\n<hr \/>\n<p><strong><span style=\"font-size: 14pt; font-family: georgia, palatino, serif;\">Perfil\u00a0del cliente<\/span><\/strong><\/p>\n<p>&nbsp;<\/p>\n<ul>\n<li>+ 15\u00a0Tiendas + 300\u00a0empleados<\/li>\n<li>+ 27 a\u00f1os<\/li>\n<li>Retail, Grandes Superficies, Tiendas especializadas<\/li>\n<li>Colombia<\/li>\n<li><a href=\"http:\/\/www.ktronix.com\">www.ktronix.com<\/a><\/li>\n<\/ul>\n<p>&nbsp;<\/p>\n<p><!-- meta slider --><img decoding=\"async\" class=\"slider-866 slide-353\" src=\"http:\/\/thinktosell.org\/wp-content\/uploads\/2015\/07\/cb9b9d97487a4fada44ec91699791969-607x450.jpg\" alt=\"\" width=\"1080\" height=\"800\" \/><\/p>\n<p><script type=\"text\/javascript\">\/\/ <![CDATA[\n        var metaslider_866 = function($) {\n            $('#metaslider_866').nivoSlider({ \n                boxCols:7,\n                boxRows:5,\n                pauseTime:3000,\n                effect:\"slideInLeft\",\n                controlNav:true,\n                directionNav:false,\n                pauseOnHover:true,\n                animSpeed:600,\n                prevText:\"&lt;\",\n                nextText:\"&gt;\",\n                slices:15,\n                manualAdvance:false\n            });\n        };\n        var timer_metaslider_866 = function() {\n            var slider = !window.jQuery ? window.setTimeout(timer_metaslider_866, 100) : !jQuery.isReady ? window.setTimeout(timer_metaslider_866, 1) : metaslider_866(window.jQuery);\n        };\n        timer_metaslider_866();\n    \n\/\/ ]]><\/script><!--\/\/ meta slider--><\/p>\n<hr \/>\n<h4 style=\"text-align: justify;\"><span style=\"font-size: 18pt;\">Servicios ofrecidos<\/span><\/h4>\n<h4 style=\"text-align: justify;\"><span style=\"font-size: 14pt;\">\u00a0Estrategia + Innovacion\u00a0+ Capacitaci\u00f3n<\/span><\/h4>\n<h4 style=\"text-align: justify;\"><strong><em><span style=\"color: #1787a6; font-family: georgia, palatino, serif; font-size: large;\">Implementamos el modelo Roller Coaster, entendiendo la expectativa y la experiencia d<\/span><span style=\"color: #1787a6; font-family: georgia, palatino, serif; font-size: large;\">el cliente final, el proveedor, los empleados y la competencia, para innovar en los diferentes momentos del proceso de compra del cliente, reduciendo significativamente la brecha frente a la competencia e incrementando la\u00a0satisfacci\u00f3n mediante la\u00a0transformaci\u00f3n positiva de la experiencia de compra,\u00a0\u00a0logramos transformaciones innovadoras significativas en las diferentes estrategias\u00a0corporativas\u00a0que se reflejaron\u00a0<span style=\"line-height: 27px;\">trasversalmente<\/span>\u00a0en los procesos corporativos.<\/span><\/em><\/strong><\/h4>\n<p style=\"text-align: justify;\">\n<hr \/>\n<h3><span style=\"color: #000000; font-size: 14pt;\">INDUSTRIA<\/span><\/h3>\n<h3><span style=\"font-size: 12pt; font-family: georgia, palatino, serif;\">Retail, Grandes Superficies<\/span><\/h3>\n<h3><span style=\"color: #000000; font-size: 14pt;\">SERVICIOS<\/span><\/h3>\n<ul>\n<li><span style=\"font-family: georgia, palatino, serif; font-size: 14pt;\">Estrategia de\u00a0servicio\u00a0<\/span><\/li>\n<li><span style=\"font-family: georgia, palatino, serif; font-size: 14pt;\">Innovacion de la cadena de valor\u00a0<\/span><\/li>\n<li><span style=\"font-family: georgia, palatino, serif; font-size: 14pt;\">Capacitaci\u00f3n\u00a0<\/span><\/li>\n<\/ul>\n<hr \/>\n<p><span style=\"font-size: 14pt;\">+ El modelo Roller Coaster permiti\u00f3 establecer un proceso de innovaci\u00f3n\u00a0continua mejorando la experiencia del cliente en los diferentes momentos de compra.<\/span><\/p>\n<p>&nbsp;<\/p>\n<h3 class=\"widget-title\">Please follow &amp; Share<\/h3>\n<p><a id=\"sfsiid_email\" class=\" sficn\" style=\"opacity: 0.6;\" target=\"_blank\" rel=\"noopener\"><\/a><img decoding=\"async\" class=\"sfcm sfsi_wicon\" title=\"Follow by Email\" src=\"http:\/\/thinktosell.org\/wp-content\/plugins\/ultimate-social-media-icons\/images\/icons_theme\/thin\/thin_email.png\" alt=\"Follow by Email\" width=\"40\" \/><a id=\"sfsiid_share\" class=\"addthis_button sficn\" style=\"opacity: 0.6;\" href=\"http:\/\/www.addthis.com\/bookmark.php?v=250\" target=\"_blank\" rel=\"noopener\"><img decoding=\"async\" class=\"sfcm sfsi_wicon\" title=\"SHARE\" src=\"http:\/\/thinktosell.org\/wp-content\/plugins\/ultimate-social-media-icons\/images\/icons_theme\/thin\/thin_share.png\" alt=\"SHARE\" width=\"40\" \/><\/a><a id=\"sfsiid_linkedin\" class=\" sficn\" style=\"opacity: 0.6;\"><\/a><img decoding=\"async\" class=\"sfcm sfsi_wicon\" title=\"LinkedIn\" src=\"http:\/\/thinktosell.org\/wp-content\/plugins\/ultimate-social-media-icons\/images\/icons_theme\/thin\/thin_linkedin.png\" alt=\"LinkedIn\" width=\"40\" \/><a href=\"https:\/\/co.linkedin.com\/pub\/antonio-mar\u00eda-d\u00edaz-arz\/1\/851\/b66\" target=\"_blank\" rel=\"noopener\"><img decoding=\"async\" title=\"\" src=\"http:\/\/thinktosell.org\/wp-content\/plugins\/ultimate-social-media-icons\/images\/visit_icons\/linkedIn.png\" alt=\"\" \/><\/a><\/p>\n<p><script type=\"IN\/Share\" data-url=\"\"><\/script><br \/>\n<a id=\"sfsiid_twitter\" class=\" sficn\" style=\"opacity: 0.6;\"><\/a><img decoding=\"async\" class=\"sfcm sfsi_wicon\" title=\"Twitter\" src=\"http:\/\/thinktosell.org\/wp-content\/plugins\/ultimate-social-media-icons\/images\/icons_theme\/thin\/thin_twitter.png\" alt=\"Twitter\" width=\"40\" \/><a class=\"twitter-follow-button\" href=\"https:\/\/twitter.com\/https:\/\/twitter.com\/AntonioDiazArz\" data-show-count=\"false\" data-show-screen-name=\"false\">Follow <\/a><a id=\"sfsiid_google\" class=\" sficn\" style=\"opacity: 0.6;\"><\/a><img decoding=\"async\" class=\"sfcm sfsi_wicon\" title=\"Google+\" src=\"http:\/\/thinktosell.org\/wp-content\/plugins\/ultimate-social-media-icons\/images\/icons_theme\/thin\/thin_google.png\" alt=\"Google+\" width=\"40\" \/>http:\/\/thinktosell.org\/wp-admin\/admin-ajax.php?action=so_panels_import_layout&amp;_panelsnonce=1a8f67ccbd&#8221;&gt;<a id=\"sfsiid_facebook\" class=\" sficn\" style=\"opacity: 0.6;\"><\/a><img decoding=\"async\" class=\"sfcm sfsi_wicon\" title=\"Facebook\" src=\"http:\/\/thinktosell.org\/wp-content\/plugins\/ultimate-social-media-icons\/images\/icons_theme\/thin\/thin_facebook.png\" alt=\"Facebook\" width=\"40\" \/><br \/>\n<script>\/\/ <![CDATA[\njQuery(\".sfsi_widget\").each(function( index ) {\n\t\t\t\t\tif(jQuery(this).attr(\"data-position\") == \"widget\")\n\t\t\t\t\t{\n\t\t\t\t\t\tvar wdgt_hght = jQuery(this).children(\".norm_row.sfsi_wDiv\").height();\n\t\t\t\t\t\tvar title_hght = jQuery(this).parent(\".widget.sfsi\").children(\".widget-title\").height();\n\t\t\t\t\t\tvar totl_hght = parseInt( title_hght ) + parseInt( wdgt_hght );\n\t\t\t\t\t\tjQuery(this).parent(\".widget.sfsi\").css(\"min-height\", totl_hght+\"px\");\n\t\t\t\t\t}\n\t\t\t\t});\n\/\/ ]]><\/script><\/p>\n","protected":false},"excerpt":{"rendered":"<p>CUMPLIENDO LOS SUE\u00d1OS DE SUS CLIENTES Ktronix\u00a0 &nbsp; Esta cadena de tiendas electr\u00f3nicas\u00a0con un nicho de mercado casi exclusivo en Colombia, a desarrollado un formato adaptado<span class=\"excerpt-hellip\"> [\u2026]<\/span><\/p>\n","protected":false},"author":2,"featured_media":0,"parent":0,"menu_order":0,"comment_status":"open","ping_status":"open","template":"home-panels.php","meta":{"content-type":"","_monsterinsights_skip_tracking":false,"_monsterinsights_sitenote_active":false,"_monsterinsights_sitenote_note":"","_monsterinsights_sitenote_category":0,"footnotes":""},"class_list":["post-863","page","type-page","status-publish","hentry"],"aioseo_notices":[],"jetpack_sharing_enabled":true,"_links":{"self":[{"href":"https:\/\/thinktosell.com\/index.php\/wp-json\/wp\/v2\/pages\/863","targetHints":{"allow":["GET"]}}],"collection":[{"href":"https:\/\/thinktosell.com\/index.php\/wp-json\/wp\/v2\/pages"}],"about":[{"href":"https:\/\/thinktosell.com\/index.php\/wp-json\/wp\/v2\/types\/page"}],"author":[{"embeddable":true,"href":"https:\/\/thinktosell.com\/index.php\/wp-json\/wp\/v2\/users\/2"}],"replies":[{"embeddable":true,"href":"https:\/\/thinktosell.com\/index.php\/wp-json\/wp\/v2\/comments?post=863"}],"version-history":[{"count":0,"href":"https:\/\/thinktosell.com\/index.php\/wp-json\/wp\/v2\/pages\/863\/revisions"}],"wp:attachment":[{"href":"https:\/\/thinktosell.com\/index.php\/wp-json\/wp\/v2\/media?parent=863"}],"curies":[{"name":"wp","href":"https:\/\/api.w.org\/{rel}","templated":true}]}}