{"id":828,"date":"2015-08-11T18:17:25","date_gmt":"2015-08-11T18:17:25","guid":{"rendered":"http:\/\/thinktosell.org\/?page_id=828"},"modified":"2015-08-11T18:17:25","modified_gmt":"2015-08-11T18:17:25","slug":"terra-capitals","status":"publish","type":"page","link":"https:\/\/thinktosell.com\/index.php\/terra-capitals\/","title":{"rendered":"TERRA CAPITALS"},"content":{"rendered":"<h1 class=\"widget-title\"><span style=\"font-size: 24pt;\">CRECER EN LA CRISIS PETROLERA DEL 2015<\/span><\/h1>\n<h1><span style=\"font-size: 24pt;\"><em><span style=\"font-family: georgia, palatino, serif;\">Terra Capitals Corp\u00a0<\/span><\/em><\/span><\/h1>\n<p>&nbsp;<\/p>\n<h5 style=\"text-align: justify;\"><span style=\"font-family: georgia, palatino, serif;\">Esta compa\u00f1\u00eda de banca de inversion, norte americana, especializada en la identificaci\u00f3n de oportunidades petroleras y de gas en latino america, cuenta con una red de negocios en el sector financiero internacional y en la industria petrolera que le ha permitido avanzar en proyectos que llevan desarrollo en los pa\u00edses donde se logran las inversiones.<\/span><\/h5>\n<h5 style=\"text-align: justify;\"><span style=\"font-family: georgia, palatino, serif;\">Esta compa\u00f1\u00eda a incursionado con sus filiales en tecnologia propias y de terceros de identificaci\u00f3n de nuevas estructuras petroleras y de incremento de producci\u00f3n.<\/span><\/h5>\n<h5 style=\"text-align: justify;\"><span style=\"font-family: georgia, palatino, serif;\">La crisis 2015 en la industria petrolarea con la caida de los precios por debajo de los USD 50 dolares llevo a la compa\u00f1\u00eda a explorar e innovar en una nueva forma de hacer negocios en el sector.<\/span><\/h5>\n<hr \/>\n<p><strong><span style=\"font-size: 14pt; font-family: georgia, palatino, serif;\">Perfil\u00a0del cliente<\/span><\/strong><\/p>\n<p>&nbsp;<\/p>\n<ul>\n<li>+ 6 bloques Petroleros &amp; Gas<\/li>\n<li>+\u00a0100 millones de reservas + Tecnologia exploratoria 4D<\/li>\n<li>Oil &amp; Gas<\/li>\n<li>Estados Unidos, Guatemala, Argentina<\/li>\n<li><a href=\"http:\/\/www.terracapitals.com\">www.terracapitals.com<\/a><\/li>\n<\/ul>\n<p>&nbsp;<\/p>\n<p><!-- meta slider --><img decoding=\"async\" class=\"slider-832 slide-517\" title=\"TERRA CAPITALS CORP \/ ANTONIO MARIA DIAZ ARZ\" src=\"http:\/\/thinktosell.org\/wp-content\/uploads\/2015\/07\/TERRA-1-800x444.jpg\" alt=\"TERRA CAPITALS CORP \/ ANTONIO MARIA DIAZ ARZ\" width=\"1080\" height=\"600\" \/> <img decoding=\"async\" class=\"slider-832 slide-747\" title=\"TERRA CAPITALS CORP \/ ANTONIO MARIA DIAZ ARZ\" src=\"http:\/\/thinktosell.org\/wp-content\/uploads\/2015\/07\/T2-PROJECT-800x444.jpg\" alt=\"TERRA CAPITALS CORP \/ ANTONIO MARIA DIAZ ARZ\" width=\"1080\" height=\"600\" \/> <img decoding=\"async\" class=\"slider-832 slide-518\" title=\"TERRA CAPITALS CORP \/ ANTONIO MARIA DIAZ ARZ\" src=\"http:\/\/thinktosell.org\/wp-content\/uploads\/2015\/07\/TERRA-2-800x444.jpg\" alt=\"TERRA CAPITALS CORP \/ ANTONIO MARIA DIAZ ARZ\" width=\"1080\" height=\"600\" \/> <img decoding=\"async\" class=\"slider-832 slide-749\" title=\"TERRA CAPITALS CORP \/ ANTONIO MARIA DIAZ ARZ\" src=\"http:\/\/thinktosell.org\/wp-content\/uploads\/2015\/07\/T4-PROJECT-800x444.jpg\" alt=\"TERRA CAPITALS CORP \/ ANTONIO MARIA DIAZ ARZ\" width=\"1080\" height=\"600\" \/><\/p>\n<p><script type=\"text\/javascript\">\/\/ <![CDATA[\n        var metaslider_832 = function($) {\n            $('#metaslider_832').nivoSlider({ \n                boxCols:7,\n                boxRows:5,\n                pauseTime:3000,\n                effect:\"slideInLeft\",\n                controlNav:true,\n                directionNav:false,\n                pauseOnHover:true,\n                animSpeed:600,\n                prevText:\"&lt;\",\n                nextText:\"&gt;\",\n                slices:15,\n                manualAdvance:false\n            });\n        };\n        var timer_metaslider_832 = function() {\n            var slider = !window.jQuery ? window.setTimeout(timer_metaslider_832, 100) : !jQuery.isReady ? window.setTimeout(timer_metaslider_832, 1) : metaslider_832(window.jQuery);\n        };\n        timer_metaslider_832();\n    \n\/\/ ]]><\/script><!--\/\/ meta slider--><\/p>\n<hr \/>\n<h4 style=\"text-align: justify;\"><span style=\"font-size: 18pt;\">Servicios ofrecidos<\/span><\/h4>\n<h4 style=\"text-align: justify;\"><span style=\"font-size: 14pt;\">+ Innovacion + Estrategia<\/span><\/h4>\n<h4 style=\"text-align: justify;\"><strong><em><span style=\"color: #1787a6; font-family: georgia, palatino, serif; font-size: large;\">Implementamos el modelo Roller Coaster,\u00a0para identificar las oportunidades que\u00a0<span style=\"line-height: 27px;\">ofrec\u00eda<\/span>\u00a0la crisis petrolera, logrando integrar alta tecnologia en\u00a0exploraci\u00f3n e incremento de\u00a0producci\u00f3n, con el modelo de banca de inversion\u00a0tradicional, logrando dise\u00f1ar la estrategia de\u00a0innovaci\u00f3n de bajo riesgo y alta rentabilidad que ha dado resultados positivos trayendo\u00a0crecimiento a la\u00a0compa\u00f1\u00eda\u00a0y al sector.\u00a0<\/span><\/em><\/strong><\/h4>\n<p style=\"text-align: justify;\">\n<hr \/>\n<h3><span style=\"color: #000000; font-size: 14pt;\">INDUSTRIA<\/span><\/h3>\n<h3><span style=\"font-size: 12pt; font-family: georgia, palatino, serif;\">Oil &amp; Gas<\/span><\/h3>\n<h3><span style=\"color: #000000; font-size: 14pt;\">SERVICIOS<\/span><\/h3>\n<ul>\n<li><span style=\"font-family: georgia, palatino, serif; font-size: 14pt;\">Estrategia\u00a0de crisis<\/span><\/li>\n<li><span style=\"font-family: georgia, palatino, serif; font-size: 14pt;\">Innovacion\u00a0de modelo de negocio<\/span><\/li>\n<\/ul>\n<hr \/>\n<p><span style=\"font-size: 14pt;\">+ El modelo Roller Coaster permiti\u00f3 establecer un proceso de innovaci\u00f3n\u00a0continua mejorando la experiencia del cliente en los diferentes momentos de compra.<\/span><\/p>\n<p>&nbsp;<\/p>\n<h3 class=\"widget-title\">Please follow &amp; Share<\/h3>\n<p><a id=\"sfsiid_email\" class=\" sficn\" style=\"opacity: 0.6;\" target=\"_blank\" rel=\"noopener\"><\/a><img decoding=\"async\" class=\"sfcm sfsi_wicon\" title=\"Follow by Email\" src=\"http:\/\/thinktosell.org\/wp-content\/plugins\/ultimate-social-media-icons\/images\/icons_theme\/thin\/thin_email.png\" alt=\"Follow by Email\" width=\"40\" \/><a id=\"sfsiid_share\" class=\"addthis_button sficn\" style=\"opacity: 0.6;\" href=\"http:\/\/www.addthis.com\/bookmark.php?v=250\" target=\"_blank\" rel=\"noopener\"><img decoding=\"async\" class=\"sfcm sfsi_wicon\" title=\"SHARE\" src=\"http:\/\/thinktosell.org\/wp-content\/plugins\/ultimate-social-media-icons\/images\/icons_theme\/thin\/thin_share.png\" alt=\"SHARE\" width=\"40\" \/><\/a><a id=\"sfsiid_linkedin\" class=\" sficn\" style=\"opacity: 0.6;\"><\/a><img decoding=\"async\" class=\"sfcm sfsi_wicon\" title=\"LinkedIn\" src=\"http:\/\/thinktosell.org\/wp-content\/plugins\/ultimate-social-media-icons\/images\/icons_theme\/thin\/thin_linkedin.png\" alt=\"LinkedIn\" width=\"40\" \/><a href=\"https:\/\/co.linkedin.com\/pub\/antonio-mar\u00eda-d\u00edaz-arz\/1\/851\/b66\" target=\"_blank\" rel=\"noopener\"><img decoding=\"async\" title=\"\" src=\"http:\/\/thinktosell.org\/wp-content\/plugins\/ultimate-social-media-icons\/images\/visit_icons\/linkedIn.png\" alt=\"\" \/><\/a><\/p>\n<p><script type=\"IN\/Share\" data-url=\"\"><\/script><br \/>\n<a id=\"sfsiid_twitter\" class=\" sficn\" style=\"opacity: 0.6;\"><\/a><img decoding=\"async\" class=\"sfcm sfsi_wicon\" title=\"Twitter\" src=\"http:\/\/thinktosell.org\/wp-content\/plugins\/ultimate-social-media-icons\/images\/icons_theme\/thin\/thin_twitter.png\" alt=\"Twitter\" width=\"40\" \/><a class=\"twitter-follow-button\" href=\"https:\/\/twitter.com\/https:\/\/twitter.com\/AntonioDiazArz\" data-show-count=\"false\" data-show-screen-name=\"false\">Follow <\/a><a id=\"sfsiid_google\" class=\" sficn\" style=\"opacity: 0.6;\"><\/a><img decoding=\"async\" class=\"sfcm sfsi_wicon\" title=\"Google+\" src=\"http:\/\/thinktosell.org\/wp-content\/plugins\/ultimate-social-media-icons\/images\/icons_theme\/thin\/thin_google.png\" alt=\"Google+\" width=\"40\" \/>http:\/\/thinktosell.org\/wp-admin\/admin-ajax.php?action=so_panels_import_layout&amp;_panelsnonce=1a8f67ccbd&#8221;&gt;<a id=\"sfsiid_facebook\" class=\" sficn\" style=\"opacity: 0.6;\"><\/a><img decoding=\"async\" class=\"sfcm sfsi_wicon\" title=\"Facebook\" src=\"http:\/\/thinktosell.org\/wp-content\/plugins\/ultimate-social-media-icons\/images\/icons_theme\/thin\/thin_facebook.png\" alt=\"Facebook\" width=\"40\" \/><br \/>\n<script>\/\/ <![CDATA[\njQuery(\".sfsi_widget\").each(function( index ) {\n\t\t\t\t\tif(jQuery(this).attr(\"data-position\") == \"widget\")\n\t\t\t\t\t{\n\t\t\t\t\t\tvar wdgt_hght = jQuery(this).children(\".norm_row.sfsi_wDiv\").height();\n\t\t\t\t\t\tvar title_hght = jQuery(this).parent(\".widget.sfsi\").children(\".widget-title\").height();\n\t\t\t\t\t\tvar totl_hght = parseInt( title_hght ) + parseInt( wdgt_hght );\n\t\t\t\t\t\tjQuery(this).parent(\".widget.sfsi\").css(\"min-height\", totl_hght+\"px\");\n\t\t\t\t\t}\n\t\t\t\t});\n\/\/ ]]><\/script><\/p>\n","protected":false},"excerpt":{"rendered":"<p>CRECER EN LA CRISIS PETROLERA DEL 2015 Terra Capitals Corp\u00a0 &nbsp; Esta compa\u00f1\u00eda de banca de inversion, norte americana, especializada en la identificaci\u00f3n de oportunidades petroleras<span class=\"excerpt-hellip\"> [\u2026]<\/span><\/p>\n","protected":false},"author":2,"featured_media":0,"parent":0,"menu_order":0,"comment_status":"open","ping_status":"open","template":"home-panels.php","meta":{"content-type":"","_monsterinsights_skip_tracking":false,"_monsterinsights_sitenote_active":false,"_monsterinsights_sitenote_note":"","_monsterinsights_sitenote_category":0,"footnotes":""},"class_list":["post-828","page","type-page","status-publish","hentry"],"aioseo_notices":[],"jetpack_sharing_enabled":true,"_links":{"self":[{"href":"https:\/\/thinktosell.com\/index.php\/wp-json\/wp\/v2\/pages\/828","targetHints":{"allow":["GET"]}}],"collection":[{"href":"https:\/\/thinktosell.com\/index.php\/wp-json\/wp\/v2\/pages"}],"about":[{"href":"https:\/\/thinktosell.com\/index.php\/wp-json\/wp\/v2\/types\/page"}],"author":[{"embeddable":true,"href":"https:\/\/thinktosell.com\/index.php\/wp-json\/wp\/v2\/users\/2"}],"replies":[{"embeddable":true,"href":"https:\/\/thinktosell.com\/index.php\/wp-json\/wp\/v2\/comments?post=828"}],"version-history":[{"count":0,"href":"https:\/\/thinktosell.com\/index.php\/wp-json\/wp\/v2\/pages\/828\/revisions"}],"wp:attachment":[{"href":"https:\/\/thinktosell.com\/index.php\/wp-json\/wp\/v2\/media?parent=828"}],"curies":[{"name":"wp","href":"https:\/\/api.w.org\/{rel}","templated":true}]}}