{"id":738,"date":"2015-07-30T19:43:04","date_gmt":"2015-07-30T19:43:04","guid":{"rendered":"http:\/\/thinktosell.org\/?page_id=738"},"modified":"2015-07-30T19:43:04","modified_gmt":"2015-07-30T19:43:04","slug":"investment-banking","status":"publish","type":"page","link":"https:\/\/thinktosell.com\/index.php\/investment-banking\/","title":{"rendered":"Banca de Inversi\u00f3n"},"content":{"rendered":"<p style=\"text-align: justify;\"><span style=\"font-size: 12pt;\"><strong>BANCA DE INVERSION\u00a0<\/strong><\/span><\/p>\n<p style=\"text-align: justify;\"><span style=\"font-size: 12pt;\">\u00a0<\/span><\/p>\n<p style=\"text-align: justify;\"><span style=\"font-size: 12pt;\">En los \u00faltimos 10 a\u00f1os hemos construido una red de aliados estrat\u00e9gicos en Europa, Norteam\u00e9rica y Suram\u00e9rica que nos permite ofrecer a nuestros clientes contactos acordes a sus necesidades financieras y de negocios.<\/span><\/p>\n<p style=\"text-align: justify;\"><span style=\"font-size: 12pt;\">Nuestros resultados se basan en la construcci\u00f3n de relaciones publicas solidas y confiables a lo largo del continente con instituciones financieras, inversionistas y empresarios reconocidos.<\/span><\/p>\n<p style=\"text-align: justify;\">\u00a0<span style=\"font-size: 12pt;\">Luego de entender su necesidad, identificaremos la contraparte ideal para su negocio.<\/span><\/p>\n<p style=\"text-align: justify;\">\n<p><!-- meta slider --><img decoding=\"async\" class=\"slider-905 slide-749\" title=\"TERRA CAPITALS CORP \/ ANTONIO MARIA DIAZ ARZ\" src=\"http:\/\/thinktosell.org\/wp-content\/uploads\/2015\/07\/T4-PROJECT-600x400.jpg\" alt=\"TERRA CAPITALS CORP \/ ANTONIO MARIA DIAZ ARZ\" width=\"600\" height=\"400\" \/> <img decoding=\"async\" class=\"slider-905 slide-748\" src=\"http:\/\/thinktosell.org\/wp-content\/uploads\/2015\/07\/T3-PROJECT-600x400.jpg\" alt=\"\" width=\"600\" height=\"400\" \/> <img decoding=\"async\" class=\"slider-905 slide-747\" title=\"TERRA CAPITALS CORP \/ ANTONIO MARIA DIAZ ARZ\" src=\"http:\/\/thinktosell.org\/wp-content\/uploads\/2015\/07\/T2-PROJECT-600x400.jpg\" alt=\"TERRA CAPITALS CORP \/ ANTONIO MARIA DIAZ ARZ\" width=\"600\" height=\"400\" \/> <img decoding=\"async\" class=\"slider-905 slide-746\" src=\"http:\/\/thinktosell.org\/wp-content\/uploads\/2015\/07\/T1-PROJECT-600x400.jpg\" alt=\"\" width=\"600\" height=\"400\" \/><\/p>\n<p><script type=\"text\/javascript\">\/\/ <![CDATA[\n        var metaslider_905 = function($) {\n            $('#metaslider_905').nivoSlider({ \n                boxCols:7,\n                boxRows:5,\n                pauseTime:3000,\n                effect:\"slideInLeft\",\n                controlNav:true,\n                directionNav:false,\n                pauseOnHover:true,\n                animSpeed:600,\n                prevText:\"&lt;\",\n                nextText:\"&gt;\",\n                slices:15,\n                manualAdvance:false\n            });\n        };\n        var timer_metaslider_905 = function() {\n            var slider = !window.jQuery ? window.setTimeout(timer_metaslider_905, 100) : !jQuery.isReady ? window.setTimeout(timer_metaslider_905, 1) : metaslider_905(window.jQuery);\n        };\n        timer_metaslider_905();\n    \n\/\/ ]]><\/script><!--\/\/ meta slider--><strong><span style=\"font-size: 14pt;\">Sectores de Interes\u00a0<\/span><\/strong><\/p>\n<p><span style=\"font-size: 14pt;\"><span style=\"font-size: 18pt;\">+<\/span> Petroleo y Gas \/ Oil &amp; Gas \u00a0<\/span><\/p>\n<p><span style=\"font-size: 14pt;\"><span style=\"font-size: 18pt;\">+<\/span> Inmobiliario \/ Real State \u00a0<\/span><\/p>\n<p>&nbsp;<\/p>\n<p><span style=\"font-size: 14pt;\"><strong>Servicios\u00a0<\/strong><\/span><\/p>\n<p>&nbsp;<\/p>\n<p><span style=\"font-size: 14pt;\"><span style=\"font-size: 18pt;\">+<\/span> Tecnologia Web \/Technology Web Based \u00a0<\/span><\/p>\n<p><span style=\"font-size: 14pt;\"><span style=\"font-size: 18pt;\">+<\/span> Infraestructura \/ Infrastructure<\/span><\/p>\n<p>&nbsp;<\/p>\n<p><strong>OPORTUNIDADES DE INVERSION<\/strong><\/p>\n<p style=\"text-align: justify;\"><span style=\"font-size: 12pt;\"><strong><span style=\"color: #1787a6;\"><em><span style=\"font-family: georgia, palatino, serif;\">Basados en nuestras relaciones publicas en norte y sur am\u00e9rica, identificamos oportunidades de inversi\u00f3n acordes al perfil especifico definido en sus pol\u00edticas o necesidades de inversi\u00f3n.<\/span><\/em><\/span><\/strong><\/span><\/p>\n<p><strong>VEHICULOS DE INVERSION<\/strong><\/p>\n<p style=\"text-align: justify;\"><span style=\"color: #1787a6; font-size: 12pt;\"><em><strong>Lo asesoramos en la construcci\u00f3n de veh\u00edculos de inversi\u00f3n que le permitan establecer los correctos mecanismos que permitan el control, la reducci\u00f3n de riesgo y el correctos flujo de recursos desde o hacia su organizaci\u00f3n.<\/strong><\/em><\/span><\/p>\n<p><strong>NECESIDADES DE INVERSION O CREDITO<\/strong><\/p>\n<p style=\"text-align: justify;\"><span style=\"color: #1787a6; font-size: 12pt;\"><em><strong>En su necesidad de inversionistas o l\u00edneas cr\u00e9dito, nuestra asesor\u00eda le permite identificar diferentes opciones para encontrar el capital que requiere su empresa o proyecto<\/strong><\/em>.<\/span><\/p>\n<p><strong>APERTURA DE NUEVOS MERCADOS<\/strong><\/p>\n<p style=\"text-align: justify;\"><span style=\"font-size: 12pt;\"><em><strong><span style=\"color: #1787a6;\">A partir de la necesidad especifica de su compa\u00f1\u00eda, identificamos oportunidades que permita el ingreso de su compa\u00f1\u00eda a Norteam\u00e9rica y Suram\u00e9rica, desde una adquisici\u00f3n, fusi\u00f3n o alianza estrat\u00e9gica.\u00a0( socios o partners en Norte y Sur America)<\/span><\/strong><\/em><\/span><\/p>\n<h4 style=\"text-align: justify;\"><\/h4>\n<h3 class=\"widget-title\">Follow &amp; like us<\/h3>\n<p><a id=\"sfsiid_email\" class=\" sficn\" style=\"opacity: 0.6;\" target=\"_blank\" rel=\"noopener\"><\/a><img decoding=\"async\" class=\"sfcm sfsi_wicon\" title=\"Follow by Email\" src=\"http:\/\/thinktosell.org\/wp-content\/plugins\/ultimate-social-media-icons\/images\/icons_theme\/thin\/thin_email.png\" alt=\"Follow by Email\" width=\"40\" \/><a id=\"sfsiid_share\" class=\"addthis_button sficn\" style=\"opacity: 0.6;\" href=\"http:\/\/www.addthis.com\/bookmark.php?v=250\" target=\"_blank\" rel=\"noopener\"><img decoding=\"async\" class=\"sfcm sfsi_wicon\" title=\"SHARE\" src=\"http:\/\/thinktosell.org\/wp-content\/plugins\/ultimate-social-media-icons\/images\/icons_theme\/thin\/thin_share.png\" alt=\"SHARE\" width=\"40\" \/><\/a><a id=\"sfsiid_linkedin\" class=\" sficn\" style=\"opacity: 0.6;\"><\/a><img decoding=\"async\" class=\"sfcm sfsi_wicon\" title=\"LinkedIn\" src=\"http:\/\/thinktosell.org\/wp-content\/plugins\/ultimate-social-media-icons\/images\/icons_theme\/thin\/thin_linkedin.png\" alt=\"LinkedIn\" width=\"40\" \/><a href=\"https:\/\/co.linkedin.com\/pub\/antonio-mar\u00eda-d\u00edaz-arz\/1\/851\/b66\" target=\"_blank\" rel=\"noopener\"><img decoding=\"async\" title=\"\" src=\"http:\/\/thinktosell.org\/wp-content\/plugins\/ultimate-social-media-icons\/images\/visit_icons\/linkedIn.png\" alt=\"\" \/><\/a><\/p>\n<p><script type=\"IN\/Share\" data-url=\"\"><\/script><br \/>\n<a id=\"sfsiid_twitter\" class=\" sficn\" style=\"opacity: 0.6;\"><\/a><img decoding=\"async\" class=\"sfcm sfsi_wicon\" title=\"Twitter\" src=\"http:\/\/thinktosell.org\/wp-content\/plugins\/ultimate-social-media-icons\/images\/icons_theme\/thin\/thin_twitter.png\" alt=\"Twitter\" width=\"40\" \/><a class=\"twitter-follow-button\" href=\"https:\/\/twitter.com\/https:\/\/twitter.com\/AntonioDiazArz\" data-show-count=\"false\" data-show-screen-name=\"false\">Follow <\/a><a id=\"sfsiid_google\" class=\" sficn\" style=\"opacity: 0.6;\"><\/a><img decoding=\"async\" class=\"sfcm sfsi_wicon\" title=\"Google+\" src=\"http:\/\/thinktosell.org\/wp-content\/plugins\/ultimate-social-media-icons\/images\/icons_theme\/thin\/thin_google.png\" alt=\"Google+\" width=\"40\" \/>http:\/\/thinktosell.org\/wp-admin\/admin-ajax.php?action=so_panels_import_layout&amp;_panelsnonce=9dfdaae90d&#8221;&gt;<a id=\"sfsiid_facebook\" class=\" sficn\" style=\"opacity: 0.6;\"><\/a><img decoding=\"async\" class=\"sfcm sfsi_wicon\" title=\"Facebook\" src=\"http:\/\/thinktosell.org\/wp-content\/plugins\/ultimate-social-media-icons\/images\/icons_theme\/thin\/thin_facebook.png\" alt=\"Facebook\" width=\"40\" \/><br \/>\n<script>\/\/ <![CDATA[\njQuery(\".sfsi_widget\").each(function( index ) {\n\t\t\t\t\tif(jQuery(this).attr(\"data-position\") == \"widget\")\n\t\t\t\t\t{\n\t\t\t\t\t\tvar wdgt_hght = jQuery(this).children(\".norm_row.sfsi_wDiv\").height();\n\t\t\t\t\t\tvar title_hght = jQuery(this).parent(\".widget.sfsi\").children(\".widget-title\").height();\n\t\t\t\t\t\tvar totl_hght = parseInt( title_hght ) + parseInt( wdgt_hght );\n\t\t\t\t\t\tjQuery(this).parent(\".widget.sfsi\").css(\"min-height\", totl_hght+\"px\");\n\t\t\t\t\t}\n\t\t\t\t});\n\/\/ ]]><\/script><\/p>\n","protected":false},"excerpt":{"rendered":"<p>BANCA DE INVERSION\u00a0 \u00a0 En los \u00faltimos 10 a\u00f1os hemos construido una red de aliados estrat\u00e9gicos en Europa, Norteam\u00e9rica y Suram\u00e9rica que nos permite ofrecer a<span class=\"excerpt-hellip\"> [\u2026]<\/span><\/p>\n","protected":false},"author":2,"featured_media":0,"parent":0,"menu_order":0,"comment_status":"open","ping_status":"open","template":"home-panels.php","meta":{"content-type":"","_monsterinsights_skip_tracking":false,"_monsterinsights_sitenote_active":false,"_monsterinsights_sitenote_note":"","_monsterinsights_sitenote_category":0,"footnotes":""},"class_list":["post-738","page","type-page","status-publish","hentry"],"aioseo_notices":[],"jetpack_sharing_enabled":true,"_links":{"self":[{"href":"https:\/\/thinktosell.com\/index.php\/wp-json\/wp\/v2\/pages\/738","targetHints":{"allow":["GET"]}}],"collection":[{"href":"https:\/\/thinktosell.com\/index.php\/wp-json\/wp\/v2\/pages"}],"about":[{"href":"https:\/\/thinktosell.com\/index.php\/wp-json\/wp\/v2\/types\/page"}],"author":[{"embeddable":true,"href":"https:\/\/thinktosell.com\/index.php\/wp-json\/wp\/v2\/users\/2"}],"replies":[{"embeddable":true,"href":"https:\/\/thinktosell.com\/index.php\/wp-json\/wp\/v2\/comments?post=738"}],"version-history":[{"count":0,"href":"https:\/\/thinktosell.com\/index.php\/wp-json\/wp\/v2\/pages\/738\/revisions"}],"wp:attachment":[{"href":"https:\/\/thinktosell.com\/index.php\/wp-json\/wp\/v2\/media?parent=738"}],"curies":[{"name":"wp","href":"https:\/\/api.w.org\/{rel}","templated":true}]}}